{"id":48,"date":"2018-04-12T10:13:38","date_gmt":"2018-04-12T10:13:38","guid":{"rendered":"http:\/\/xn--pflanzlich-entwssern-pzb.de\/?page_id=48"},"modified":"2024-05-07T12:57:14","modified_gmt":"2024-05-07T12:57:14","slug":"impressum","status":"publish","type":"page","link":"http:\/\/xn--pflanzlich-entwssern-pzb.de\/?page_id=48","title":{"rendered":"Impressum"},"content":{"rendered":"<p>Gr\u00fcnwalder Gesundheitsprodukte GmbH<br \/>\nMoser-S\u00e4ge 6<br \/>\n83674 Gai\u00dfach<\/p>\n<p>Gesch\u00e4ftsf\u00fchrer: Isao Takemura<\/p>\n<p>Registergericht M\u00fcnchen HRB 125 228<br \/>\nUID-Nr. (VAT.No.) DE 200 165 264<\/p>\n<p>Zust\u00e4ndige Aufsichtsbeh\u00f6rde: Regierung von Oberbayern<\/p>\n<p>F\u00fcr den Inhalt verantwortlich gem\u00e4\u00df \u00a7 6 MDStV: Isao Takemura, E-mail: <a title=\"sspiess@gruenwalder.de\" href=\"mailto:info@gruenwalder.de\">info@gruenwalder.de<\/a><noscript>&amp;amp;amp;amp;amp;amp;amp;amp;#115;&amp;amp;amp;amp;amp;amp;amp;amp;#115;&amp;amp;amp;amp;amp;amp;amp;amp;#112;&amp;amp;amp;amp;amp;amp;amp;amp;#105;&amp;amp;amp;amp;amp;amp;amp;amp;#101;&amp;amp;amp;amp;amp;amp;amp;amp;#115;&amp;amp;amp;amp;amp;amp;amp;amp;#115;&amp;amp;amp;amp;amp;amp;amp;amp;#103;&amp;amp;amp;amp;amp;amp;amp;amp;#114;&amp;amp;amp;amp;amp;amp;amp;amp;#117;&amp;amp;amp;amp;amp;amp;amp;amp;#101;&amp;amp;amp;amp;amp;amp;amp;amp;#110;&amp;amp;amp;amp;amp;amp;amp;amp;#119;&amp;amp;amp;amp;amp;amp;amp;amp;#97;&amp;amp;amp;amp;amp;amp;amp;amp;#108;&amp;amp;amp;amp;amp;amp;amp;amp;#100;&amp;amp;amp;amp;amp;amp;amp;amp;#101;&amp;amp;amp;amp;amp;amp;amp;amp;#114;&amp;amp;amp;amp;amp;amp;amp;amp;#46;&amp;amp;amp;amp;amp;amp;amp;amp;#100;&amp;amp;amp;amp;amp;amp;amp;amp;#101;<\/noscript><\/p>\n<h3>Haftungshinweise<\/h3>\n<p>Trotz sorgf\u00e4ltiger inhaltlicher Kontrolle \u00fcbernehmen wir keine Haftung f\u00fcr die Inhalte externer links. F\u00fcr den Inhalt der verlinkten Seiten sind ausschlie\u00dflich deren Betreiber verantwortlich<\/p>\n<h1><strong>Disclaimer<\/strong><\/h1>\n<h3>Allgemeines<\/h3>\n<p>Diese Web-Seiten sind ein Service der Gr\u00fcnwalder Gesundheitsprodukte GmbH, Bad T\u00f6lz.<\/p>\n<p>Alle Informationen, Dokumente und Grafiken dieser www-Seiten sind nach bestem Wissen und Gewissen zusammengetragen worden. Eine st\u00e4ndige \u00dcberpr\u00fcfung der Daten ist Zielsetzung von Gr\u00fcnwalder Gesundheitsprodukte. Dennoch l\u00e4sst es sich nicht ausschlie\u00dfen, insbesondere durch Links auf neue Server und unterschiedliches nationales Recht, dass Informationen zug\u00e4nglich werden, die nicht im Einklang mit der Zielsetzung von Gr\u00fcnwalder Gesundheitsprodukte stehen.<\/p>\n<p>Aus diesem Grunde \u00fcbernimmt Gr\u00fcnwalder Gesundheitsprodukte keine Haftung in Bezug auf die Informationen, inklusive allen implizierten Haftungen hinsichtlich Vermarktung und Gesundheit. Auf keinen Fall wird Gr\u00fcnwalder Gesundheitsprodukte verantwortlich sein f\u00fcr irgendeinen speziellen, indirekten oder direkten Schaden oder irgendeinen anderen Schaden, wie auch immer er aus dem Gebrauch der Daten entstehen sollte.<\/p>\n<h3>Wichtige Information<\/h3>\n<p>An dieser Stelle k\u00f6nnen nur erste Informationen zu verschiedenen Gesundheitsthemen angeboten werden. Medizinische oder andere Ratschl\u00e4ge werden hier nicht erteilt. Die dargestellten Informationen beruhen auf einem aktuellen Kenntnisstand, ersetzen jedoch keinesfalls das Aufsuchen eines Arztes. Bitte beachten Sie generell, dass Sie aufgrund dieser Informationen weder eigenst\u00e4ndig Diagnosen stellen noch Therapien einleiten sollten. Der Betreiber dieser Webseiten ist unter keinen Umst\u00e4nden f\u00fcr irgendwelche Sch\u00e4den und Verluste haftbar, sie dem Nutzer dadurch entstehen k\u00f6nnen, dass er auf eine Information vertraut, die er im Rahmen der Nutzung erhalten hat.<\/p>\n<h3>Rechtshinweis<\/h3>\n<p>Alle Angaben auf den Webseiten der Gr\u00fcnwalder Gesundheitsprodukte wurden sorgf\u00e4ltig gepr\u00fcft. Wir \u00fcbernehmen jedoch keine Garantie (weder ausdr\u00fccklich noch stillschweigend) f\u00fcr die Richtigkeit und Vollst\u00e4ndigkeit sowie letzte Aktualit\u00e4t der Informationen. Au\u00dferdem \u00fcbernehmen wir keine Haftung f\u00fcr jegliche Art von Sch\u00e4den, die sich aus dem Gebrauch der hier ver\u00f6ffentlichten Informationen ergeben k\u00f6nnten. Falls Sie sich zur Anwendung aufgef\u00fchrter Produkte entscheiden, beachten Sie bitte vor der Anwendung die den Produkten beigegebene Gebrauchsinformation.<\/p>\n<h3>Hyperlinks<\/h3>\n<p>Diese Internet-Seiten enthalten auch Informationen von Dritten und weisen auf andere Internet-Seiten hin. F\u00fcr die Informationen von Dritten \u00fcbernehmen wir keine Haftung.<\/p>\n<h3>Urheberrecht und Gewerblicher Rechtsschutz<\/h3>\n<p>Der gesamte Inhalt dieser Webseiten unterliegt dem Schutz des Urheberrechts und dem gewerblichen Rechtsschutz.<\/p>\n<h3>Private Nutzung<\/h3>\n<p>Benutzer k\u00f6nnen das Informationsmaterial nur f\u00fcr den pers\u00f6nlichen, nicht-gewerblichen Gebrauch und nur dann kopieren, wenn sichergestellt ist, dass<\/p>\n<ul>\n<li>Dokumente nicht ver\u00e4ndert oder verf\u00e4lscht werden,<\/li>\n<li>Geb\u00fchren f\u00fcr das Ausleihen des Informationsmaterials nicht erhoben werden,<\/li>\n<li>jede angefertigte Kopie s\u00e4mtliche Copyright- und Schutzrechtsvermerke enth\u00e4lt und<\/li>\n<li>als Quellenangabe Gr\u00fcnwalder Gesundheitsprodukte sowie die Beitr\u00e4ge von Dritten ausdr\u00fccklich angef\u00fchrt werden.<\/li>\n<\/ul>\n<p>Im \u00fcbrigen sind die Nutzungsbedingungen \/ Disclaimer von Dritten zu beachten.<\/p>\n<h3>Feedback<\/h3>\n<p>Informationen, die wir als Feedback auf diese Internet-Seiten erhalten, betrachten wir als nicht vertraulich. Gr\u00fcnwalder Gesundheitsprodukte steht frei, derartige Informationen\u00a0 zu nutzen.<\/p>\n<h3>Datenschutzhinweis<\/h3>\n<p>Es gelten die Datenschutzvorschriften der Bundesrepublik Deutschland. Ihre Daten werden ausschlie\u00dflich von Gr\u00fcnwalder Gesundheitsprodukte verwendet und nicht an Dritte weitergegeben.<\/p>\n<h3>\u00c4nderungsvorbehalt<\/h3>\n<p>Wir behalten uns das Recht vor, den Inhalt dieser Internet-Seiten ohne vorherige Ank\u00fcndigung zu \u00e4ndern. Eine Haftung ergibt sich daraus nicht.<\/p>\n<h3>Geltung deutschen Rechts<\/h3>\n<p>Internet Disclaimer und Erkl\u00e4rung unterliegen ausschlie\u00dflich dem deutschen Recht.<\/p>\n","protected":false},"excerpt":{"rendered":"<p>Gr\u00fcnwalder Gesundheitsprodukte GmbH Moser-S\u00e4ge 6 83674 Gai\u00dfach Gesch\u00e4ftsf\u00fchrer: Isao Takemura Registergericht M\u00fcnchen HRB 125 228 UID-Nr. (VAT.No.) DE 200 165 264 Zust\u00e4ndige Aufsichtsbeh\u00f6rde: Regierung von Oberbayern F\u00fcr den Inhalt verantwortlich gem\u00e4\u00df \u00a7 6 MDStV: Isao Takemura, E-mail: info@gruenwalder.de&amp;amp;amp;amp;amp;amp;amp;amp;#115;&amp;amp;amp;amp;amp;amp;amp;amp;#115;&amp;amp;amp;amp;amp;amp;amp;amp;#112;&amp;amp;amp;amp;amp;amp;amp;amp;#105;&amp;amp;amp;amp;amp;amp;amp;amp;#101;&amp;amp;amp;amp;amp;amp;amp;amp;#115;&amp;amp;amp;amp;amp;amp;amp;amp;#115;&amp;amp;amp;amp;amp;amp;amp;amp;#103;&amp;amp;amp;amp;amp;amp;amp;amp;#114;&amp;amp;amp;amp;amp;amp;amp;amp;#117;&amp;amp;amp;amp;amp;amp;amp;amp;#101;&amp;amp;amp;amp;amp;amp;amp;amp;#110;&amp;amp;amp;amp;amp;amp;amp;amp;#119;&amp;amp;amp;amp;amp;amp;amp;amp;#97;&amp;amp;amp;amp;amp;amp;amp;amp;#108;&amp;amp;amp;amp;amp;amp;amp;amp;#100;&amp;amp;amp;amp;amp;amp;amp;amp;#101;&amp;amp;amp;amp;amp;amp;amp;amp;#114;&amp;amp;amp;amp;amp;amp;amp;amp;#46;&amp;amp;amp;amp;amp;amp;amp;amp;#100;&amp;amp;amp;amp;amp;amp;amp;amp;#101; Haftungshinweise Trotz sorgf\u00e4ltiger inhaltlicher Kontrolle \u00fcbernehmen wir keine Haftung f\u00fcr die Inhalte externer links. F\u00fcr den Inhalt &hellip; <\/p>\n<p class=\"link-more\"><a href=\"http:\/\/xn--pflanzlich-entwssern-pzb.de\/?page_id=48\" class=\"more-link\"><span class=\"screen-reader-text\">\u201eImpressum\u201c <\/span>weiterlesen<\/a><\/p>\n","protected":false},"author":1,"featured_media":5,"parent":0,"menu_order":1,"comment_status":"closed","ping_status":"closed","template":"","meta":{"footnotes":""},"class_list":["post-48","page","type-page","status-publish","has-post-thumbnail","hentry"],"_links":{"self":[{"href":"http:\/\/xn--pflanzlich-entwssern-pzb.de\/index.php?rest_route=\/wp\/v2\/pages\/48","targetHints":{"allow":["GET"]}}],"collection":[{"href":"http:\/\/xn--pflanzlich-entwssern-pzb.de\/index.php?rest_route=\/wp\/v2\/pages"}],"about":[{"href":"http:\/\/xn--pflanzlich-entwssern-pzb.de\/index.php?rest_route=\/wp\/v2\/types\/page"}],"author":[{"embeddable":true,"href":"http:\/\/xn--pflanzlich-entwssern-pzb.de\/index.php?rest_route=\/wp\/v2\/users\/1"}],"replies":[{"embeddable":true,"href":"http:\/\/xn--pflanzlich-entwssern-pzb.de\/index.php?rest_route=%2Fwp%2Fv2%2Fcomments&post=48"}],"version-history":[{"count":12,"href":"http:\/\/xn--pflanzlich-entwssern-pzb.de\/index.php?rest_route=\/wp\/v2\/pages\/48\/revisions"}],"predecessor-version":[{"id":117,"href":"http:\/\/xn--pflanzlich-entwssern-pzb.de\/index.php?rest_route=\/wp\/v2\/pages\/48\/revisions\/117"}],"wp:featuredmedia":[{"embeddable":true,"href":"http:\/\/xn--pflanzlich-entwssern-pzb.de\/index.php?rest_route=\/wp\/v2\/media\/5"}],"wp:attachment":[{"href":"http:\/\/xn--pflanzlich-entwssern-pzb.de\/index.php?rest_route=%2Fwp%2Fv2%2Fmedia&parent=48"}],"curies":[{"name":"wp","href":"https:\/\/api.w.org\/{rel}","templated":true}]}}